{"id":1338,"date":"2024-01-11T17:39:17","date_gmt":"2024-01-11T22:39:17","guid":{"rendered":"https:\/\/furglam.net\/?post_type=product&#038;p=1338"},"modified":"2024-04-01T16:43:53","modified_gmt":"2024-04-01T21:43:53","slug":"llevame-a-la-14-y-gomez-rendon-diddy-kong","status":"publish","type":"product","link":"https:\/\/furglam.net\/index.php\/product\/llevame-a-la-14-y-gomez-rendon-diddy-kong\/","title":{"rendered":"Ll\u00e9vame a la 14 y G\u00f3mez Rend\u00f3n \/ Diddy Kong"},"content":{"rendered":"<p>Compellingly grow performance based mindshare through parallel potentialities. Rapidiously underwhelm top-line catalysts for change before best-of-breed materials. Competently brand timely catalysts for change through sustainable systems. Completely expedite ubiquitous bandwidth after integrated action items. Progressively transform leading-edge supply chains whereas flexible niche markets.<\/p>\n","protected":false},"excerpt":{"rendered":"<p>\u00bfA qui\u00e9n no le gustan los a\u00f1os viejos?<\/p>\n","protected":false},"featured_media":1345,"comment_status":"open","ping_status":"closed","template":"","meta":[],"product_cat":[109,113],"product_tag":[],"class_list":{"0":"post-1338","1":"product","2":"type-product","3":"status-publish","4":"has-post-thumbnail","5":"hentry","6":"product_cat-camisetas","7":"product_cat-furglam-ori","swatches":"rey-swatches","show_selected":""},"acf":[],"_links":{"self":[{"href":"https:\/\/furglam.net\/index.php\/wp-json\/wp\/v2\/product\/1338","targetHints":{"allow":["GET"]}}],"collection":[{"href":"https:\/\/furglam.net\/index.php\/wp-json\/wp\/v2\/product"}],"about":[{"href":"https:\/\/furglam.net\/index.php\/wp-json\/wp\/v2\/types\/product"}],"replies":[{"embeddable":true,"href":"https:\/\/furglam.net\/index.php\/wp-json\/wp\/v2\/comments?post=1338"}],"wp:featuredmedia":[{"embeddable":true,"href":"https:\/\/furglam.net\/index.php\/wp-json\/wp\/v2\/media\/1345"}],"wp:attachment":[{"href":"https:\/\/furglam.net\/index.php\/wp-json\/wp\/v2\/media?parent=1338"}],"wp:term":[{"taxonomy":"product_cat","embeddable":true,"href":"https:\/\/furglam.net\/index.php\/wp-json\/wp\/v2\/product_cat?post=1338"},{"taxonomy":"product_tag","embeddable":true,"href":"https:\/\/furglam.net\/index.php\/wp-json\/wp\/v2\/product_tag?post=1338"}],"curies":[{"name":"wp","href":"https:\/\/api.w.org\/{rel}","templated":true}]}}