{"id":1500,"date":"2024-02-06T19:45:53","date_gmt":"2024-02-07T00:45:53","guid":{"rendered":"https:\/\/furglam.net\/?post_type=product&#038;p=1500"},"modified":"2024-04-01T16:47:29","modified_gmt":"2024-04-01T21:47:29","slug":"charly-garcia-soy-romantico-pero-no-boludo","status":"publish","type":"product","link":"https:\/\/furglam.net\/index.php\/product\/charly-garcia-soy-romantico-pero-no-boludo\/","title":{"rendered":"Charly Garc\u00eda &#8211; Soy rom\u00e1ntico pero no boludo"},"content":{"rendered":"<p>Camiseta de algod\u00f3n de Charly Garc\u00eda para colores negros.<\/p>\n","protected":false},"excerpt":{"rendered":"<p>Una de las mejores frases de Charly directo a tu camiseta.<\/p>\n","protected":false},"featured_media":1449,"comment_status":"open","ping_status":"closed","template":"","meta":[],"product_cat":[114,109],"product_tag":[],"class_list":{"0":"post-1500","1":"product","2":"type-product","3":"status-publish","4":"has-post-thumbnail","5":"hentry","6":"product_cat-artistas-bandas","7":"product_cat-camisetas","swatches":"rey-swatches","show_selected":""},"acf":[],"_links":{"self":[{"href":"https:\/\/furglam.net\/index.php\/wp-json\/wp\/v2\/product\/1500","targetHints":{"allow":["GET"]}}],"collection":[{"href":"https:\/\/furglam.net\/index.php\/wp-json\/wp\/v2\/product"}],"about":[{"href":"https:\/\/furglam.net\/index.php\/wp-json\/wp\/v2\/types\/product"}],"replies":[{"embeddable":true,"href":"https:\/\/furglam.net\/index.php\/wp-json\/wp\/v2\/comments?post=1500"}],"wp:featuredmedia":[{"embeddable":true,"href":"https:\/\/furglam.net\/index.php\/wp-json\/wp\/v2\/media\/1449"}],"wp:attachment":[{"href":"https:\/\/furglam.net\/index.php\/wp-json\/wp\/v2\/media?parent=1500"}],"wp:term":[{"taxonomy":"product_cat","embeddable":true,"href":"https:\/\/furglam.net\/index.php\/wp-json\/wp\/v2\/product_cat?post=1500"},{"taxonomy":"product_tag","embeddable":true,"href":"https:\/\/furglam.net\/index.php\/wp-json\/wp\/v2\/product_tag?post=1500"}],"curies":[{"name":"wp","href":"https:\/\/api.w.org\/{rel}","templated":true}]}}