{"id":1528,"date":"2024-02-06T19:48:28","date_gmt":"2024-02-07T00:48:28","guid":{"rendered":"https:\/\/furglam.net\/?post_type=product&#038;p=1528"},"modified":"2024-04-01T16:49:24","modified_gmt":"2024-04-01T21:49:24","slug":"don-ramon-empleado","status":"publish","type":"product","link":"https:\/\/furglam.net\/index.php\/product\/don-ramon-empleado\/","title":{"rendered":"Don Ram\u00f3n empleado"},"content":{"rendered":"<p>Camiseta de algod\u00f3n de Don Ram\u00f3n para camisetas blancas o negras<\/p>\n","protected":false},"excerpt":{"rendered":"<p>Lleva en tu Furglam todos los trabajos de Don Ram\u00f3n.<\/p>\n","protected":false},"featured_media":1451,"comment_status":"open","ping_status":"closed","template":"","meta":[],"product_cat":[109,115],"product_tag":[],"class_list":{"0":"post-1528","1":"product","2":"type-product","3":"status-publish","4":"has-post-thumbnail","5":"hentry","6":"product_cat-camisetas","7":"product_cat-series-peliculas","swatches":"rey-swatches","show_selected":""},"acf":[],"_links":{"self":[{"href":"https:\/\/furglam.net\/index.php\/wp-json\/wp\/v2\/product\/1528","targetHints":{"allow":["GET"]}}],"collection":[{"href":"https:\/\/furglam.net\/index.php\/wp-json\/wp\/v2\/product"}],"about":[{"href":"https:\/\/furglam.net\/index.php\/wp-json\/wp\/v2\/types\/product"}],"replies":[{"embeddable":true,"href":"https:\/\/furglam.net\/index.php\/wp-json\/wp\/v2\/comments?post=1528"}],"wp:featuredmedia":[{"embeddable":true,"href":"https:\/\/furglam.net\/index.php\/wp-json\/wp\/v2\/media\/1451"}],"wp:attachment":[{"href":"https:\/\/furglam.net\/index.php\/wp-json\/wp\/v2\/media?parent=1528"}],"wp:term":[{"taxonomy":"product_cat","embeddable":true,"href":"https:\/\/furglam.net\/index.php\/wp-json\/wp\/v2\/product_cat?post=1528"},{"taxonomy":"product_tag","embeddable":true,"href":"https:\/\/furglam.net\/index.php\/wp-json\/wp\/v2\/product_tag?post=1528"}],"curies":[{"name":"wp","href":"https:\/\/api.w.org\/{rel}","templated":true}]}}