{"id":1716,"date":"2024-04-01T17:41:37","date_gmt":"2024-04-01T22:41:37","guid":{"rendered":"https:\/\/furglam.net\/?post_type=product&#038;p=1716"},"modified":"2024-04-01T17:52:10","modified_gmt":"2024-04-01T22:52:10","slug":"el-mato-a-un-policia-motorizado","status":"publish","type":"product","link":"https:\/\/furglam.net\/index.php\/product\/el-mato-a-un-policia-motorizado\/","title":{"rendered":"El mat\u00f3 a un polic\u00eda motorizado"},"content":{"rendered":"<p>Camiseta de El mat\u00f3 a un polic\u00eda motorizado<\/p>\n","protected":false},"excerpt":{"rendered":"<p>Camiseta de El mat\u00f3 a un polic\u00eda motorizado en algod\u00f3n todos los colores.<\/p>\n","protected":false},"featured_media":1723,"comment_status":"open","ping_status":"closed","template":"","meta":[],"product_cat":[109,114],"product_tag":[],"class_list":{"0":"post-1716","1":"product","2":"type-product","3":"status-publish","4":"has-post-thumbnail","5":"hentry","6":"product_cat-camisetas","7":"product_cat-artistas-bandas","swatches":"rey-swatches","show_selected":""},"acf":[],"_links":{"self":[{"href":"https:\/\/furglam.net\/index.php\/wp-json\/wp\/v2\/product\/1716","targetHints":{"allow":["GET"]}}],"collection":[{"href":"https:\/\/furglam.net\/index.php\/wp-json\/wp\/v2\/product"}],"about":[{"href":"https:\/\/furglam.net\/index.php\/wp-json\/wp\/v2\/types\/product"}],"replies":[{"embeddable":true,"href":"https:\/\/furglam.net\/index.php\/wp-json\/wp\/v2\/comments?post=1716"}],"wp:featuredmedia":[{"embeddable":true,"href":"https:\/\/furglam.net\/index.php\/wp-json\/wp\/v2\/media\/1723"}],"wp:attachment":[{"href":"https:\/\/furglam.net\/index.php\/wp-json\/wp\/v2\/media?parent=1716"}],"wp:term":[{"taxonomy":"product_cat","embeddable":true,"href":"https:\/\/furglam.net\/index.php\/wp-json\/wp\/v2\/product_cat?post=1716"},{"taxonomy":"product_tag","embeddable":true,"href":"https:\/\/furglam.net\/index.php\/wp-json\/wp\/v2\/product_tag?post=1716"}],"curies":[{"name":"wp","href":"https:\/\/api.w.org\/{rel}","templated":true}]}}